{"id":6739,"date":"2022-08-24T21:48:24","date_gmt":"2022-08-24T21:48:24","guid":{"rendered":"https:\/\/aiesecalumniperu.net\/?page_id=6739"},"modified":"2022-08-26T19:04:54","modified_gmt":"2022-08-26T19:04:54","slug":"convenios","status":"publish","type":"page","link":"https:\/\/aiesecalumniperu.net\/?page_id=6739","title":{"rendered":"Convenios"},"content":{"rendered":"\t\t<div data-elementor-type=\"wp-page\" data-elementor-id=\"6739\" class=\"elementor elementor-6739\">\n\t\t\t\t\t\t<section class=\"elementor-section elementor-top-section elementor-element elementor-element-35ed5b4 elementor-section-full_width elementor-section-height-min-height elementor-section-height-default elementor-section-items-middle\" data-id=\"35ed5b4\" data-element_type=\"section\" data-settings=\"{&quot;background_background&quot;:&quot;classic&quot;}\">\n\t\t\t\t\t\t\t<div class=\"elementor-background-overlay\"><\/div>\n\t\t\t\t\t\t\t<div class=\"elementor-container elementor-column-gap-default\">\n\t\t\t\t\t<div class=\"elementor-column elementor-col-100 elementor-top-column elementor-element elementor-element-57682f0\" data-id=\"57682f0\" data-element_type=\"column\">\n\t\t\t<div class=\"elementor-widget-wrap elementor-element-populated\">\n\t\t\t\t\t\t<section class=\"elementor-section elementor-inner-section elementor-element elementor-element-3c58cab elementor-section-boxed elementor-section-height-default elementor-section-height-default\" data-id=\"3c58cab\" data-element_type=\"section\" data-settings=\"{&quot;background_background&quot;:&quot;classic&quot;}\">\n\t\t\t\t\t\t<div class=\"elementor-container elementor-column-gap-default\">\n\t\t\t\t\t<div class=\"elementor-column elementor-col-50 elementor-inner-column elementor-element elementor-element-3d8c6ea\" data-id=\"3d8c6ea\" data-element_type=\"column\">\n\t\t\t<div class=\"elementor-widget-wrap elementor-element-populated\">\n\t\t\t\t\t\t<div class=\"elementor-element elementor-element-be52e57 elementor-widget elementor-widget-heading\" data-id=\"be52e57\" data-element_type=\"widget\" data-widget_type=\"heading.default\">\n\t\t\t\t<div class=\"elementor-widget-container\">\n\t\t\t\t\t<h2 class=\"elementor-heading-title elementor-size-default\">Convenios<\/h2>\t\t\t\t<\/div>\n\t\t\t\t<\/div>\n\t\t\t\t\t<\/div>\n\t\t<\/div>\n\t\t\t\t<div class=\"elementor-column elementor-col-50 elementor-inner-column elementor-element elementor-element-09426d1\" data-id=\"09426d1\" data-element_type=\"column\">\n\t\t\t<div class=\"elementor-widget-wrap elementor-element-populated\">\n\t\t\t\t\t\t<div class=\"elementor-element elementor-element-722df8c elementor-widget elementor-widget-text-editor\" data-id=\"722df8c\" data-element_type=\"widget\" data-widget_type=\"text-editor.default\">\n\t\t\t\t<div class=\"elementor-widget-container\">\n\t\t\t\t\t\t\t\t\t<p>Red de liderazgo social y empresarial<\/p>\t\t\t\t\t\t\t\t<\/div>\n\t\t\t\t<\/div>\n\t\t\t\t\t<\/div>\n\t\t<\/div>\n\t\t\t\t\t<\/div>\n\t\t<\/section>\n\t\t\t\t\t<\/div>\n\t\t<\/div>\n\t\t\t\t\t<\/div>\n\t\t<\/section>\n\t\t\t\t<section class=\"elementor-section elementor-top-section elementor-element elementor-element-967ef28 elementor-section-full_width elementor-reverse-mobile elementor-section-height-default elementor-section-height-default\" data-id=\"967ef28\" data-element_type=\"section\" data-settings=\"{&quot;background_background&quot;:&quot;classic&quot;}\">\n\t\t\t\t\t\t<div class=\"elementor-container elementor-column-gap-no\">\n\t\t\t\t\t<div class=\"elementor-column elementor-col-50 elementor-top-column elementor-element elementor-element-5344420\" data-id=\"5344420\" data-element_type=\"column\" data-settings=\"{&quot;background_background&quot;:&quot;classic&quot;}\">\n\t\t\t<div class=\"elementor-widget-wrap elementor-element-populated\">\n\t\t\t\t\t\t<div class=\"elementor-element elementor-element-ae888ed elementor-widget elementor-widget-spacer\" data-id=\"ae888ed\" data-element_type=\"widget\" data-widget_type=\"spacer.default\">\n\t\t\t\t<div class=\"elementor-widget-container\">\n\t\t\t\t\t\t\t<div class=\"elementor-spacer\">\n\t\t\t<div class=\"elementor-spacer-inner\"><\/div>\n\t\t<\/div>\n\t\t\t\t\t\t<\/div>\n\t\t\t\t<\/div>\n\t\t\t\t\t<\/div>\n\t\t<\/div>\n\t\t\t\t<div class=\"elementor-column elementor-col-50 elementor-top-column elementor-element elementor-element-a0589ab\" data-id=\"a0589ab\" data-element_type=\"column\" data-settings=\"{&quot;background_background&quot;:&quot;classic&quot;}\">\n\t\t\t<div class=\"elementor-widget-wrap elementor-element-populated\">\n\t\t\t\t\t\t<div class=\"elementor-element elementor-element-800f7f1 elementor-widget elementor-widget-heading\" data-id=\"800f7f1\" data-element_type=\"widget\" data-widget_type=\"heading.default\">\n\t\t\t\t<div class=\"elementor-widget-container\">\n\t\t\t\t\t<h2 class=\"elementor-heading-title elementor-size-default\">Convenios<\/h2>\t\t\t\t<\/div>\n\t\t\t\t<\/div>\n\t\t\t\t<div class=\"elementor-element elementor-element-e265758 elementor-widget-divider--view-line elementor-widget elementor-widget-divider\" data-id=\"e265758\" data-element_type=\"widget\" data-widget_type=\"divider.default\">\n\t\t\t\t<div class=\"elementor-widget-container\">\n\t\t\t\t\t\t\t<div class=\"elementor-divider\">\n\t\t\t<span class=\"elementor-divider-separator\">\n\t\t\t\t\t\t<\/span>\n\t\t<\/div>\n\t\t\t\t\t\t<\/div>\n\t\t\t\t<\/div>\n\t\t\t\t<div class=\"elementor-element elementor-element-77999c2 elementor-widget elementor-widget-text-editor\" data-id=\"77999c2\" data-element_type=\"widget\" data-widget_type=\"text-editor.default\">\n\t\t\t\t<div class=\"elementor-widget-container\">\n\t\t\t\t\t\t\t\t\t<p>Integrada por profesionales y l\u00edderes interesados \u00fanicamente en el bienestar, la cooperaci\u00f3n y el desarrollo de programas de perfeccionamiento profesional, empresarial, social y acad\u00e9mico que contribuyan a sus vidas, a la comunidad social y empresarial, as\u00ed como a la sociedad global. Los miembros de AIESEC Alumni Per\u00fa reconocen y valoran la experiencia que AIESEC destac\u00f3 como parte integral en el desarrollo de su vida estudiantil universitaria, intercambios multiculturales y liderazgo.<\/p><p>Integrada por profesionales y l\u00edderes interesados \u00fanicamente en el bienestar, la cooperaci\u00f3n y el desarrollo de programas de perfeccionamiento profesional, empresarial, social y acad\u00e9mico que contribuyan a sus vidas, a la comunidad social y empresarial, as\u00ed como a la sociedad global. Los miembros de AIESEC Alumni Per\u00fa reconocen y valoran la experiencia que AIESEC destac\u00f3 como parte integral en el desarrollo de su vida estudiantil universitaria, intercambios multiculturales y liderazgo.<\/p><p>Integrada por profesionales y l\u00edderes interesados \u00fanicamente en el bienestar, la cooperaci\u00f3n y el desarrollo de programas de perfeccionamiento profesional, empresarial, social y acad\u00e9mico que contribuyan a sus vidas, a la comunidad social y empresarial, as\u00ed como a la sociedad global. Los miembros de AIESEC Alumni Per\u00fa reconocen y valoran la experiencia que AIESEC destac\u00f3 como parte integral en el desarrollo de su vida estudiantil universitaria, intercambios multiculturales y liderazgo.<\/p>\t\t\t\t\t\t\t\t<\/div>\n\t\t\t\t<\/div>\n\t\t\t\t\t<\/div>\n\t\t<\/div>\n\t\t\t\t\t<\/div>\n\t\t<\/section>\n\t\t\t\t<\/div>\n\t\t","protected":false},"excerpt":{"rendered":"<p>Convenios Red de liderazgo social y empresarial Convenios Integrada por profesionales y l\u00edderes interesados \u00fanicamente en el bienestar, la cooperaci\u00f3n y el desarrollo de programas de perfeccionamiento profesional, empresarial, social y acad\u00e9mico que contribuyan a sus vidas, a la comunidad social y empresarial, as\u00ed como a la sociedad global. Los miembros de AIESEC Alumni Per\u00fa [&hellip;]<\/p>\n","protected":false},"author":1,"featured_media":0,"parent":0,"menu_order":0,"comment_status":"closed","ping_status":"closed","template":"","meta":{"_glsr_average":0,"_glsr_ranking":0,"_glsr_reviews":0,"footnotes":""},"class_list":["post-6739","page","type-page","status-publish","hentry"],"_links":{"self":[{"href":"https:\/\/aiesecalumniperu.net\/index.php?rest_route=\/wp\/v2\/pages\/6739","targetHints":{"allow":["GET"]}}],"collection":[{"href":"https:\/\/aiesecalumniperu.net\/index.php?rest_route=\/wp\/v2\/pages"}],"about":[{"href":"https:\/\/aiesecalumniperu.net\/index.php?rest_route=\/wp\/v2\/types\/page"}],"author":[{"embeddable":true,"href":"https:\/\/aiesecalumniperu.net\/index.php?rest_route=\/wp\/v2\/users\/1"}],"replies":[{"embeddable":true,"href":"https:\/\/aiesecalumniperu.net\/index.php?rest_route=%2Fwp%2Fv2%2Fcomments&post=6739"}],"version-history":[{"count":5,"href":"https:\/\/aiesecalumniperu.net\/index.php?rest_route=\/wp\/v2\/pages\/6739\/revisions"}],"predecessor-version":[{"id":7214,"href":"https:\/\/aiesecalumniperu.net\/index.php?rest_route=\/wp\/v2\/pages\/6739\/revisions\/7214"}],"wp:attachment":[{"href":"https:\/\/aiesecalumniperu.net\/index.php?rest_route=%2Fwp%2Fv2%2Fmedia&parent=6739"}],"curies":[{"name":"wp","href":"https:\/\/api.w.org\/{rel}","templated":true}]}}